{"id":29,"date":"2025-05-24T20:29:20","date_gmt":"2025-05-24T20:29:20","guid":{"rendered":"http:\/\/www.xn--alabalk-wfb.com.tr\/?page_id=29"},"modified":"2025-05-24T20:29:20","modified_gmt":"2025-05-24T20:29:20","slug":"home","status":"publish","type":"page","link":"https:\/\/www.xn--alabalk-wfb.com.tr\/","title":{"rendered":"Home"},"content":{"rendered":"","protected":false},"excerpt":{"rendered":"","protected":false},"author":1,"featured_media":0,"parent":0,"menu_order":0,"comment_status":"closed","ping_status":"closed","template":"templates\/template-frontpage.php","meta":{"footnotes":""},"class_list":["post-29","page","type-page","status-publish","hentry"],"yoast_head":"<!-- This site is optimized with the Yoast SEO plugin v27.1.1 - https:\/\/yoast.com\/product\/yoast-seo-wordpress\/ -->\n<title>Home - ALA &amp; Usta Bal\u0131k<\/title>\n<meta name=\"robots\" content=\"index, follow, max-snippet:-1, max-image-preview:large, max-video-preview:-1\" \/>\n<link rel=\"canonical\" href=\"http:\/\/www.xn--alabalk-wfb.com.tr\/\" \/>\n<meta property=\"og:locale\" content=\"tr_TR\" \/>\n<meta property=\"og:type\" content=\"article\" \/>\n<meta property=\"og:title\" content=\"Home - ALA &amp; Usta Bal\u0131k\" \/>\n<meta property=\"og:url\" content=\"http:\/\/www.xn--alabalk-wfb.com.tr\/\" \/>\n<meta property=\"og:site_name\" content=\"ALA &amp; Usta Bal\u0131k\" \/>\n<meta property=\"og:image\" content=\"https:\/\/www.xn--alabalk-wfb.com.tr\/wp-content\/uploads\/2025\/05\/WhatsApp-Gorsel-2025-05-31-saat-10.46.28_9f7005e2.jpg\" \/>\n\t<meta property=\"og:image:width\" content=\"1600\" \/>\n\t<meta property=\"og:image:height\" content=\"1204\" \/>\n\t<meta property=\"og:image:type\" content=\"image\/jpeg\" \/>\n<meta name=\"twitter:card\" content=\"summary_large_image\" \/>\n<script type=\"application\/ld+json\" class=\"yoast-schema-graph\">{\"@context\":\"https:\/\/schema.org\",\"@graph\":[{\"@type\":\"WebPage\",\"@id\":\"http:\/\/www.xn--alabalk-wfb.com.tr\/\",\"url\":\"http:\/\/www.xn--alabalk-wfb.com.tr\/\",\"name\":\"Home - ALA &amp; Usta Bal\u0131k\",\"isPartOf\":{\"@id\":\"https:\/\/www.xn--alabalk-wfb.com.tr\/#website\"},\"datePublished\":\"2025-05-24T20:29:20+00:00\",\"breadcrumb\":{\"@id\":\"http:\/\/www.xn--alabalk-wfb.com.tr\/#breadcrumb\"},\"inLanguage\":\"tr\",\"potentialAction\":[{\"@type\":\"ReadAction\",\"target\":[\"http:\/\/www.xn--alabalk-wfb.com.tr\/\"]}]},{\"@type\":\"BreadcrumbList\",\"@id\":\"http:\/\/www.xn--alabalk-wfb.com.tr\/#breadcrumb\",\"itemListElement\":[{\"@type\":\"ListItem\",\"position\":1,\"name\":\"Anasayfa\",\"item\":\"http:\/\/www.xn--alabalk-wfb.com.tr\/\"},{\"@type\":\"ListItem\",\"position\":2,\"name\":\"Home\"}]},{\"@type\":\"WebSite\",\"@id\":\"https:\/\/www.xn--alabalk-wfb.com.tr\/#website\",\"url\":\"https:\/\/www.xn--alabalk-wfb.com.tr\/\",\"name\":\"ALA & Usta Bal\u0131k\",\"description\":\"\u0130nsan\u0131n \u0130yisi S&ouml;z&uuml;nden Bal\u0131\u011f\u0131n \u0130yisi G&ouml;z&uuml;nden Anla\u015f\u0131l\u0131r\",\"publisher\":{\"@id\":\"https:\/\/www.xn--alabalk-wfb.com.tr\/#organization\"},\"alternateName\":\"Narl\u0131dere ALA-USTA Bal\u0131k\",\"potentialAction\":[{\"@type\":\"SearchAction\",\"target\":{\"@type\":\"EntryPoint\",\"urlTemplate\":\"https:\/\/www.xn--alabalk-wfb.com.tr\/?s={search_term_string}\"},\"query-input\":{\"@type\":\"PropertyValueSpecification\",\"valueRequired\":true,\"valueName\":\"search_term_string\"}}],\"inLanguage\":\"tr\"},{\"@type\":\"Organization\",\"@id\":\"https:\/\/www.xn--alabalk-wfb.com.tr\/#organization\",\"name\":\"Ala Bal\u0131k Ve Meze\",\"alternateName\":\"Ala Bal\u0131k Ve Meze\",\"url\":\"https:\/\/www.xn--alabalk-wfb.com.tr\/\",\"logo\":{\"@type\":\"ImageObject\",\"inLanguage\":\"tr\",\"@id\":\"https:\/\/www.xn--alabalk-wfb.com.tr\/#\/schema\/logo\/image\/\",\"url\":\"https:\/\/www.xn--alabalk-wfb.com.tr\/wp-content\/uploads\/2025\/05\/WhatsApp-Gorsel-2025-05-31-saat-10.44.18_db2078f8.jpg\",\"contentUrl\":\"https:\/\/www.xn--alabalk-wfb.com.tr\/wp-content\/uploads\/2025\/05\/WhatsApp-Gorsel-2025-05-31-saat-10.44.18_db2078f8.jpg\",\"width\":1200,\"height\":1600,\"caption\":\"Ala Bal\u0131k Ve Meze\"},\"image\":{\"@id\":\"https:\/\/www.xn--alabalk-wfb.com.tr\/#\/schema\/logo\/image\/\"}}]}<\/script>\n<!-- \/ Yoast SEO plugin. -->","yoast_head_json":{"title":"Home - ALA &amp; Usta Bal\u0131k","robots":{"index":"index","follow":"follow","max-snippet":"max-snippet:-1","max-image-preview":"max-image-preview:large","max-video-preview":"max-video-preview:-1"},"canonical":"http:\/\/www.xn--alabalk-wfb.com.tr\/","og_locale":"tr_TR","og_type":"article","og_title":"Home - ALA &amp; Usta Bal\u0131k","og_url":"http:\/\/www.xn--alabalk-wfb.com.tr\/","og_site_name":"ALA &amp; Usta Bal\u0131k","og_image":[{"width":1600,"height":1204,"url":"https:\/\/www.xn--alabalk-wfb.com.tr\/wp-content\/uploads\/2025\/05\/WhatsApp-Gorsel-2025-05-31-saat-10.46.28_9f7005e2.jpg","type":"image\/jpeg"}],"twitter_card":"summary_large_image","schema":{"@context":"https:\/\/schema.org","@graph":[{"@type":"WebPage","@id":"http:\/\/www.xn--alabalk-wfb.com.tr\/","url":"http:\/\/www.xn--alabalk-wfb.com.tr\/","name":"Home - ALA &amp; Usta Bal\u0131k","isPartOf":{"@id":"https:\/\/www.xn--alabalk-wfb.com.tr\/#website"},"datePublished":"2025-05-24T20:29:20+00:00","breadcrumb":{"@id":"http:\/\/www.xn--alabalk-wfb.com.tr\/#breadcrumb"},"inLanguage":"tr","potentialAction":[{"@type":"ReadAction","target":["http:\/\/www.xn--alabalk-wfb.com.tr\/"]}]},{"@type":"BreadcrumbList","@id":"http:\/\/www.xn--alabalk-wfb.com.tr\/#breadcrumb","itemListElement":[{"@type":"ListItem","position":1,"name":"Anasayfa","item":"http:\/\/www.xn--alabalk-wfb.com.tr\/"},{"@type":"ListItem","position":2,"name":"Home"}]},{"@type":"WebSite","@id":"https:\/\/www.xn--alabalk-wfb.com.tr\/#website","url":"https:\/\/www.xn--alabalk-wfb.com.tr\/","name":"ALA & Usta Bal\u0131k","description":"\u0130nsan\u0131n \u0130yisi S&ouml;z&uuml;nden Bal\u0131\u011f\u0131n \u0130yisi G&ouml;z&uuml;nden Anla\u015f\u0131l\u0131r","publisher":{"@id":"https:\/\/www.xn--alabalk-wfb.com.tr\/#organization"},"alternateName":"Narl\u0131dere ALA-USTA Bal\u0131k","potentialAction":[{"@type":"SearchAction","target":{"@type":"EntryPoint","urlTemplate":"https:\/\/www.xn--alabalk-wfb.com.tr\/?s={search_term_string}"},"query-input":{"@type":"PropertyValueSpecification","valueRequired":true,"valueName":"search_term_string"}}],"inLanguage":"tr"},{"@type":"Organization","@id":"https:\/\/www.xn--alabalk-wfb.com.tr\/#organization","name":"Ala Bal\u0131k Ve Meze","alternateName":"Ala Bal\u0131k Ve Meze","url":"https:\/\/www.xn--alabalk-wfb.com.tr\/","logo":{"@type":"ImageObject","inLanguage":"tr","@id":"https:\/\/www.xn--alabalk-wfb.com.tr\/#\/schema\/logo\/image\/","url":"https:\/\/www.xn--alabalk-wfb.com.tr\/wp-content\/uploads\/2025\/05\/WhatsApp-Gorsel-2025-05-31-saat-10.44.18_db2078f8.jpg","contentUrl":"https:\/\/www.xn--alabalk-wfb.com.tr\/wp-content\/uploads\/2025\/05\/WhatsApp-Gorsel-2025-05-31-saat-10.44.18_db2078f8.jpg","width":1200,"height":1600,"caption":"Ala Bal\u0131k Ve Meze"},"image":{"@id":"https:\/\/www.xn--alabalk-wfb.com.tr\/#\/schema\/logo\/image\/"}}]}},"_links":{"self":[{"href":"https:\/\/www.xn--alabalk-wfb.com.tr\/index.php?rest_route=\/wp\/v2\/pages\/29","targetHints":{"allow":["GET"]}}],"collection":[{"href":"https:\/\/www.xn--alabalk-wfb.com.tr\/index.php?rest_route=\/wp\/v2\/pages"}],"about":[{"href":"https:\/\/www.xn--alabalk-wfb.com.tr\/index.php?rest_route=\/wp\/v2\/types\/page"}],"author":[{"embeddable":true,"href":"https:\/\/www.xn--alabalk-wfb.com.tr\/index.php?rest_route=\/wp\/v2\/users\/1"}],"replies":[{"embeddable":true,"href":"https:\/\/www.xn--alabalk-wfb.com.tr\/index.php?rest_route=%2Fwp%2Fv2%2Fcomments&post=29"}],"version-history":[{"count":0,"href":"https:\/\/www.xn--alabalk-wfb.com.tr\/index.php?rest_route=\/wp\/v2\/pages\/29\/revisions"}],"wp:attachment":[{"href":"https:\/\/www.xn--alabalk-wfb.com.tr\/index.php?rest_route=%2Fwp%2Fv2%2Fmedia&parent=29"}],"curies":[{"name":"wp","href":"https:\/\/api.w.org\/{rel}","templated":true}]}}